{"id":2234,"date":"2023-12-21T12:04:04","date_gmt":"2023-12-21T11:04:04","guid":{"rendered":"https:\/\/test.100k.verfassungsfreunde.ch\/?page_id=2234"},"modified":"2024-04-19T20:37:30","modified_gmt":"2024-04-19T18:37:30","slug":"testseite","status":"publish","type":"page","link":"https:\/\/100k.verfassungsfreunde.ch\/fr\/testseite\/","title":{"rendered":"Testseite"},"content":{"rendered":"<div data-elementor-type=\"wp-page\" data-elementor-id=\"2234\" class=\"elementor elementor-2234\" data-elementor-post-type=\"page\">\n\t\t\t\t<div class=\"elementor-element elementor-element-c511125 e-flex e-con-boxed e-con e-parent\" data-id=\"c511125\" data-element_type=\"container\">\n\t\t\t\t\t<div class=\"e-con-inner\">\n\t\t\t\t<div class=\"elementor-element elementor-element-bf48550 elementor-widget elementor-widget-wpforms\" data-id=\"bf48550\" data-element_type=\"widget\" data-widget_type=\"wpforms.default\">\n\t\t\t\t<div class=\"elementor-widget-container\">\n\t\t\t<div class=\"wpforms-container wpforms-container-full\" id=\"wpforms-2231\"><form id=\"wpforms-form-2231\" class=\"wpforms-validate wpforms-form\" data-formid=\"2231\" method=\"post\" enctype=\"multipart\/form-data\" action=\"\/fr\/wp-json\/wp\/v2\/pages\/2234\" data-token=\"d54b09fff180ff928c67187fbd82615e\" data-token-time=\"1777646737\" data-trp-original-action=\"\/fr\/wp-json\/wp\/v2\/pages\/2234\"><noscript class=\"wpforms-error-noscript\">Veuillez activer JavaScript dans votre navigateur pour remplir ce formulaire.<\/noscript><div class=\"wpforms-field-container\"><div id=\"wpforms-2231-field_42-container\" class=\"wpforms-field wpforms-field-content\" data-field-id=\"42\"><div id=\"wpforms-2231-field_42\" class=\"wpforms-field-medium wpforms-field-row\"><p><em>Les champs suivis d'un <span style=\"color: #db0000\">*<\/span> sont obligatoires.<\/em><\/p>\n<div class=\"wpforms-field-content-display-frontend-clear\"><\/div><\/div><\/div><div id=\"wpforms-2231-field_4-container\" class=\"wpforms-field wpforms-field-name\" data-field-id=\"4\"><label class=\"wpforms-field-label\" for=\"wpforms-2231-field_4\">Nom <span class=\"wpforms-required-label\">*<\/span><\/label><div class=\"wpforms-field-row wpforms-field-large\"><div class=\"wpforms-field-row-block wpforms-first wpforms-one-half\"><input type=\"text\" id=\"wpforms-2231-field_4\" class=\"wpforms-field-name-first wpforms-field-required\" name=\"wpforms[fields][4][first]\" placeholder=\"Hans\" required><label for=\"wpforms-2231-field_4\" class=\"wpforms-field-sublabel after\">Pr\u00e9nom<\/label><\/div><div class=\"wpforms-field-row-block wpforms-one-half\"><input type=\"text\" id=\"wpforms-2231-field_4-last\" class=\"wpforms-field-name-last wpforms-field-required\" name=\"wpforms[fields][4][last]\" placeholder=\"Muster\" required><label for=\"wpforms-2231-field_4-last\" class=\"wpforms-field-sublabel after\">Nom<\/label><\/div><\/div><\/div><div id=\"wpforms-2231-field_36-container\" class=\"wpforms-field wpforms-field-layout\" data-field-id=\"36\"><label class=\"wpforms-field-label wpforms-label-hide\">Layout<\/label><div class=\"wpforms-field-layout-columns wpforms-field-layout-preset-50-25-25\"><div class=\"wpforms-layout-column wpforms-layout-column-50\"><div id=\"wpforms-2231-field_18-container\" class=\"wpforms-field wpforms-field-text\" data-field-id=\"18\"><label class=\"wpforms-field-label\" for=\"wpforms-2231-field_18\">Rue, Num\u00e9ro<\/label><input type=\"text\" id=\"wpforms-2231-field_18\" class=\"wpforms-field-medium\" name=\"wpforms[fields][18]\" placeholder=\"Musterstrasse 10\" ><\/div><\/div><div class=\"wpforms-layout-column wpforms-layout-column-25\"><div id=\"wpforms-2231-field_33-container\" class=\"wpforms-field wpforms-field-text\" data-field-id=\"33\"><label class=\"wpforms-field-label\" for=\"wpforms-2231-field_33\">NPA<\/label><input type=\"text\" id=\"wpforms-2231-field_33\" class=\"wpforms-field-small\" name=\"wpforms[fields][33]\" placeholder=\"1234\" ><\/div><\/div><div class=\"wpforms-layout-column wpforms-layout-column-25\"><div id=\"wpforms-2231-field_34-container\" class=\"wpforms-field wpforms-field-text\" data-field-id=\"34\"><label class=\"wpforms-field-label\" for=\"wpforms-2231-field_34\">Localit\u00e9<\/label><input type=\"text\" id=\"wpforms-2231-field_34\" class=\"wpforms-field-medium\" name=\"wpforms[fields][34]\" placeholder=\"Musterdorf\" ><\/div><\/div><\/div><\/div><div id=\"wpforms-2231-field_44-container\" class=\"wpforms-field wpforms-field-layout\" data-field-id=\"44\"><label class=\"wpforms-field-label wpforms-label-hide\">Layout<\/label><div class=\"wpforms-field-layout-columns wpforms-field-layout-preset-33-67\"><div class=\"wpforms-layout-column wpforms-layout-column-33\"><div id=\"wpforms-2231-field_43-container\" class=\"wpforms-field wpforms-field-select wpforms-field-select-style-modern\" data-field-id=\"43\"><label class=\"wpforms-field-label\" for=\"wpforms-2231-field_43\">Canton <span class=\"wpforms-required-label\">*<\/span><\/label><select id=\"wpforms-2231-field_43\" class=\"wpforms-field-small wpforms-field-required choicesjs-select\" data-size-class=\"wpforms-field-row wpforms-field-small\" data-search-enabled=\"1\" name=\"wpforms[fields][43]\" required=\"required\"><option value=\"\" class=\"placeholder\" disabled selected='selected'>Veuillez s\u00e9lectionner<\/option><option value=\"Aargau\" >Argovie<\/option><option value=\"Appenzell A.-Rh.\" >Appenzell Rh.-Ext.<\/option><option value=\"Appenzell I.-Rh.\" >Appenzell Rh.-Int.<\/option><option value=\"Basel-Landschaft\" >B\u00e2le-Campagne<\/option><option value=\"Basel-Stadt\" >B\u00e2le-Ville<\/option><option value=\"Bern\" >Berne<\/option><option value=\"Freiburg\" >Fribourg<\/option><option value=\"Genf\" >Gen\u00e8ve<\/option><option value=\"Glarus\" >Glaris<\/option><option value=\"Graub\u00fcnden\" >Grisons<\/option><option value=\"Jura\" >Jura<\/option><option value=\"Luzern\" >Lucerne<\/option><option value=\"Neuenburg\" >Neuch\u00e2tel<\/option><option value=\"Nidwalden\" >Nidwald<\/option><option value=\"Obwalden\" >Obwald<\/option><option value=\"Schaffhausen\" >Schaffhouse<\/option><option value=\"Schwyz\" >Schwyz<\/option><option value=\"Solothurn\" >Soleure<\/option><option value=\"St. Gallen\" >St-Gall<\/option><option value=\"Tessin\" >Tessin<\/option><option value=\"Thurgau\" >Thurgovie<\/option><option value=\"Uri\" >Uri<\/option><option value=\"Waadt\" >Vaud<\/option><option value=\"Wallis\" >Valais<\/option><option value=\"Zug\" >Zoug<\/option><option value=\"Z\u00fcrich\" >Zurich<\/option><\/select><\/div><\/div><div class=\"wpforms-layout-column wpforms-layout-column-67\"><div id=\"wpforms-2231-field_10-container\" class=\"wpforms-field wpforms-field-email\" data-field-id=\"10\"><label class=\"wpforms-field-label\" for=\"wpforms-2231-field_10\">E-mail <span class=\"wpforms-required-label\">*<\/span><\/label><input type=\"email\" id=\"wpforms-2231-field_10\" class=\"wpforms-field-large wpforms-field-required\" name=\"wpforms[fields][10]\" placeholder=\"hans.muster@mail.ch\" spellcheck=\"false\" required><\/div><\/div><\/div><\/div><div id=\"wpforms-2231-field_35-container\" class=\"wpforms-field wpforms-field-select wpforms-field-select-style-modern\" data-field-id=\"35\"><label class=\"wpforms-field-label\" for=\"wpforms-2231-field_35\">Langue de correspondance <span class=\"wpforms-required-label\">*<\/span><\/label><select id=\"wpforms-2231-field_35\" class=\"wpforms-field-small wpforms-field-required choicesjs-select\" data-size-class=\"wpforms-field-row wpforms-field-small\" data-search-enabled=\"\" name=\"wpforms[fields][35]\" required=\"required\"><option value=\"\" class=\"placeholder\" disabled selected='selected'>Veuillez s\u00e9lectionner<\/option><option value=\"DE\" >DE<\/option><option value=\"FR\" >FR<\/option><option value=\"IT\" >IT<\/option><\/select><\/div><div id=\"wpforms-2231-field_49-container\" class=\"wpforms-field wpforms-field-checkbox\" data-field-id=\"49\"><label class=\"wpforms-field-label wpforms-label-hide\" for=\"wpforms-2231-field_49\">DSGVO <span class=\"wpforms-required-label\">*<\/span><\/label><ul id=\"wpforms-2231-field_49\" class=\"wpforms-field-required\"><li class=\"choice-1 depth-1 wpforms-selected\"><input type=\"checkbox\" id=\"wpforms-2231-field_49_1\" name=\"wpforms[fields][49][]\" value=\"Ich bin damit einverstanden, E-Mails in Bezug auf 100k zu erhalten.\" required checked='checked'><label class=\"wpforms-field-label-inline\" for=\"wpforms-2231-field_49_1\">Je consens \u00e0 recevoir des e-mails concernant 100k.<\/label><\/li><\/ul><\/div><\/div><!-- .wpforms-field-container --><div class=\"wpforms-submit-container\" ><input type=\"hidden\" name=\"wpforms[id]\" value=\"2231\"><input type=\"hidden\" name=\"page_title\" value=\"\"><input type=\"hidden\" name=\"page_url\" value=\"https:\/\/100k.verfassungsfreunde.ch\/fr\/wp-json\/wp\/v2\/pages\/2234\"><button type=\"submit\" name=\"wpforms[submit]\" id=\"wpforms-submit-2231\" class=\"wpforms-submit\" data-alt-text=\"Senden...\" data-submit-text=\"Senden\" aria-live=\"assertive\" value=\"wpforms-submit\">Envoyer<\/button><\/div><input type=\"hidden\" name=\"trp-form-language\" value=\"fr\"\/><\/form><\/div>  <!-- .wpforms-container -->\t\t<\/div>\n\t\t\t\t<\/div>\n\t\t\t\t\t<\/div>\n\t\t\t\t<\/div>\n\t\t\t\t<\/div>","protected":false},"excerpt":{"rendered":"<p>Bitte aktiviere JavaScript in deinem Browser, um dieses Formular fertigzustellen.Bitte aktiviere JavaScript in deinem Browser, um dieses Formular fertigzustellen. Felder mit einem * sind Pflichtfelder. Name * VornameNachname LayoutStrassePLZWohnortLayoutKanton *Bitte ausw\u00e4hlenAargauAppenzell A.-Rh.Appenzell I.-Rh.Basel-LandschaftBasel-StadtBernFreiburgGenfGlarusGraub\u00fcndenJuraLuzernNeuenburgNidwaldenObwaldenSchaffhausenSchwyzSolothurnSt. GallenTessinThurgauUriWaadtWallisZugZ\u00fcrichE-Mail *Korrespondenzsprache *Bitte ausw\u00e4hlenDEFRIT DSGVO * Ich bin damit einverstanden, E-Mails in Bezug auf 100k zu erhalten. Senden<\/p>","protected":false},"author":1,"featured_media":0,"parent":0,"menu_order":0,"comment_status":"closed","ping_status":"closed","template":"","meta":{"_acf_changed":false,"footnotes":""},"class_list":["post-2234","page","type-page","status-publish","hentry"],"blocksy_meta":[],"acf":[],"yoast_head":"<!-- This site is optimized with the Yoast SEO plugin v22.8 - https:\/\/yoast.com\/wordpress\/plugins\/seo\/ -->\n<title>Testseite - 100k<\/title>\n<meta name=\"robots\" content=\"index, follow, max-snippet:-1, max-image-preview:large, max-video-preview:-1\" \/>\n<link rel=\"canonical\" href=\"https:\/\/100k.verfassungsfreunde.ch\/fr\/testseite\/\" \/>\n<meta property=\"og:locale\" content=\"fr_FR\" \/>\n<meta property=\"og:type\" content=\"article\" \/>\n<meta property=\"og:title\" content=\"Testseite - 100k\" \/>\n<meta property=\"og:description\" content=\"Bitte aktiviere JavaScript in deinem Browser, um dieses Formular fertigzustellen.Bitte aktiviere JavaScript in deinem Browser, um dieses Formular fertigzustellen. Felder mit einem * sind Pflichtfelder. Name * VornameNachname LayoutStrassePLZWohnortLayoutKanton *Bitte ausw\u00e4hlenAargauAppenzell A.-Rh.Appenzell I.-Rh.Basel-LandschaftBasel-StadtBernFreiburgGenfGlarusGraub\u00fcndenJuraLuzernNeuenburgNidwaldenObwaldenSchaffhausenSchwyzSolothurnSt. GallenTessinThurgauUriWaadtWallisZugZ\u00fcrichE-Mail *Korrespondenzsprache *Bitte ausw\u00e4hlenDEFRIT DSGVO * Ich bin damit einverstanden, E-Mails in Bezug auf 100k zu erhalten. Senden\" \/>\n<meta property=\"og:url\" content=\"https:\/\/100k.verfassungsfreunde.ch\/fr\/testseite\/\" \/>\n<meta property=\"og:site_name\" content=\"100k\" \/>\n<meta property=\"article:publisher\" content=\"https:\/\/www.facebook.com\/verfassungsfreunde.ch\" \/>\n<meta property=\"article:modified_time\" content=\"2024-04-19T18:37:30+00:00\" \/>\n<meta name=\"twitter:card\" content=\"summary_large_image\" \/>\n<meta name=\"twitter:site\" content=\"@FdVerfassung\" \/>\n<meta name=\"twitter:label1\" content=\"Dur\u00e9e de lecture estim\u00e9e\" \/>\n\t<meta name=\"twitter:data1\" content=\"1 minute\" \/>\n<script type=\"application\/ld+json\" class=\"yoast-schema-graph\">{\"@context\":\"https:\/\/schema.org\",\"@graph\":[{\"@type\":\"WebPage\",\"@id\":\"https:\/\/100k.verfassungsfreunde.ch\/testseite\/\",\"url\":\"https:\/\/100k.verfassungsfreunde.ch\/testseite\/\",\"name\":\"Testseite - 100k\",\"isPartOf\":{\"@id\":\"https:\/\/100k.verfassungsfreunde.ch\/#website\"},\"datePublished\":\"2023-12-21T11:04:04+00:00\",\"dateModified\":\"2024-04-19T18:37:30+00:00\",\"breadcrumb\":{\"@id\":\"https:\/\/100k.verfassungsfreunde.ch\/testseite\/#breadcrumb\"},\"inLanguage\":\"fr-FR\",\"potentialAction\":[{\"@type\":\"ReadAction\",\"target\":[\"https:\/\/100k.verfassungsfreunde.ch\/testseite\/\"]}]},{\"@type\":\"BreadcrumbList\",\"@id\":\"https:\/\/100k.verfassungsfreunde.ch\/testseite\/#breadcrumb\",\"itemListElement\":[{\"@type\":\"ListItem\",\"position\":1,\"name\":\"Home\",\"item\":\"https:\/\/100k.verfassungsfreunde.ch\/\"},{\"@type\":\"ListItem\",\"position\":2,\"name\":\"Testseite\"}]},{\"@type\":\"WebSite\",\"@id\":\"https:\/\/100k.verfassungsfreunde.ch\/#website\",\"url\":\"https:\/\/100k.verfassungsfreunde.ch\/\",\"name\":\"100k\",\"description\":\"\",\"publisher\":{\"@id\":\"https:\/\/100k.verfassungsfreunde.ch\/#organization\"},\"potentialAction\":[{\"@type\":\"SearchAction\",\"target\":{\"@type\":\"EntryPoint\",\"urlTemplate\":\"https:\/\/100k.verfassungsfreunde.ch\/?s={search_term_string}\"},\"query-input\":\"required name=search_term_string\"}],\"inLanguage\":\"fr-FR\"},{\"@type\":\"Organization\",\"@id\":\"https:\/\/100k.verfassungsfreunde.ch\/#organization\",\"name\":\"100k\",\"url\":\"https:\/\/100k.verfassungsfreunde.ch\/\",\"logo\":{\"@type\":\"ImageObject\",\"inLanguage\":\"fr-FR\",\"@id\":\"https:\/\/100k.verfassungsfreunde.ch\/#\/schema\/logo\/image\/\",\"url\":\"https:\/\/100k.verfassungsfreunde.ch\/wp-content\/uploads\/2024\/05\/100k_Logo.png\",\"contentUrl\":\"https:\/\/100k.verfassungsfreunde.ch\/wp-content\/uploads\/2024\/05\/100k_Logo.png\",\"width\":1327,\"height\":683,\"caption\":\"100k\"},\"image\":{\"@id\":\"https:\/\/100k.verfassungsfreunde.ch\/#\/schema\/logo\/image\/\"},\"sameAs\":[\"https:\/\/www.facebook.com\/verfassungsfreunde.ch\",\"https:\/\/x.com\/FdVerfassung\"]}]}<\/script>\n<!-- \/ Yoast SEO plugin. -->","yoast_head_json":{"title":"Testseite - 100k","robots":{"index":"index","follow":"follow","max-snippet":"max-snippet:-1","max-image-preview":"max-image-preview:large","max-video-preview":"max-video-preview:-1"},"canonical":"https:\/\/100k.verfassungsfreunde.ch\/fr\/testseite\/","og_locale":"fr_FR","og_type":"article","og_title":"Testseite - 100k","og_description":"Bitte aktiviere JavaScript in deinem Browser, um dieses Formular fertigzustellen.Bitte aktiviere JavaScript in deinem Browser, um dieses Formular fertigzustellen. Felder mit einem * sind Pflichtfelder. Name * VornameNachname LayoutStrassePLZWohnortLayoutKanton *Bitte ausw\u00e4hlenAargauAppenzell A.-Rh.Appenzell I.-Rh.Basel-LandschaftBasel-StadtBernFreiburgGenfGlarusGraub\u00fcndenJuraLuzernNeuenburgNidwaldenObwaldenSchaffhausenSchwyzSolothurnSt. GallenTessinThurgauUriWaadtWallisZugZ\u00fcrichE-Mail *Korrespondenzsprache *Bitte ausw\u00e4hlenDEFRIT DSGVO * Ich bin damit einverstanden, E-Mails in Bezug auf 100k zu erhalten. Senden","og_url":"https:\/\/100k.verfassungsfreunde.ch\/fr\/testseite\/","og_site_name":"100k","article_publisher":"https:\/\/www.facebook.com\/verfassungsfreunde.ch","article_modified_time":"2024-04-19T18:37:30+00:00","twitter_card":"summary_large_image","twitter_site":"@FdVerfassung","twitter_misc":{"Dur\u00e9e de lecture estim\u00e9e":"1 minute"},"schema":{"@context":"https:\/\/schema.org","@graph":[{"@type":"WebPage","@id":"https:\/\/100k.verfassungsfreunde.ch\/testseite\/","url":"https:\/\/100k.verfassungsfreunde.ch\/testseite\/","name":"Testseite - 100k","isPartOf":{"@id":"https:\/\/100k.verfassungsfreunde.ch\/#website"},"datePublished":"2023-12-21T11:04:04+00:00","dateModified":"2024-04-19T18:37:30+00:00","breadcrumb":{"@id":"https:\/\/100k.verfassungsfreunde.ch\/testseite\/#breadcrumb"},"inLanguage":"fr-FR","potentialAction":[{"@type":"ReadAction","target":["https:\/\/100k.verfassungsfreunde.ch\/testseite\/"]}]},{"@type":"BreadcrumbList","@id":"https:\/\/100k.verfassungsfreunde.ch\/testseite\/#breadcrumb","itemListElement":[{"@type":"ListItem","position":1,"name":"Home","item":"https:\/\/100k.verfassungsfreunde.ch\/"},{"@type":"ListItem","position":2,"name":"Testseite"}]},{"@type":"WebSite","@id":"https:\/\/100k.verfassungsfreunde.ch\/#website","url":"https:\/\/100k.verfassungsfreunde.ch\/","name":"100k","description":"","publisher":{"@id":"https:\/\/100k.verfassungsfreunde.ch\/#organization"},"potentialAction":[{"@type":"SearchAction","target":{"@type":"EntryPoint","urlTemplate":"https:\/\/100k.verfassungsfreunde.ch\/?s={search_term_string}"},"query-input":"required name=search_term_string"}],"inLanguage":"fr-FR"},{"@type":"Organization","@id":"https:\/\/100k.verfassungsfreunde.ch\/#organization","name":"100k","url":"https:\/\/100k.verfassungsfreunde.ch\/","logo":{"@type":"ImageObject","inLanguage":"fr-FR","@id":"https:\/\/100k.verfassungsfreunde.ch\/#\/schema\/logo\/image\/","url":"https:\/\/100k.verfassungsfreunde.ch\/wp-content\/uploads\/2024\/05\/100k_Logo.png","contentUrl":"https:\/\/100k.verfassungsfreunde.ch\/wp-content\/uploads\/2024\/05\/100k_Logo.png","width":1327,"height":683,"caption":"100k"},"image":{"@id":"https:\/\/100k.verfassungsfreunde.ch\/#\/schema\/logo\/image\/"},"sameAs":["https:\/\/www.facebook.com\/verfassungsfreunde.ch","https:\/\/x.com\/FdVerfassung"]}]}},"_links":{"self":[{"href":"https:\/\/100k.verfassungsfreunde.ch\/fr\/wp-json\/wp\/v2\/pages\/2234","targetHints":{"allow":["GET"]}}],"collection":[{"href":"https:\/\/100k.verfassungsfreunde.ch\/fr\/wp-json\/wp\/v2\/pages"}],"about":[{"href":"https:\/\/100k.verfassungsfreunde.ch\/fr\/wp-json\/wp\/v2\/types\/page"}],"author":[{"embeddable":true,"href":"https:\/\/100k.verfassungsfreunde.ch\/fr\/wp-json\/wp\/v2\/users\/1"}],"replies":[{"embeddable":true,"href":"https:\/\/100k.verfassungsfreunde.ch\/fr\/wp-json\/wp\/v2\/comments?post=2234"}],"version-history":[{"count":10,"href":"https:\/\/100k.verfassungsfreunde.ch\/fr\/wp-json\/wp\/v2\/pages\/2234\/revisions"}],"predecessor-version":[{"id":4053,"href":"https:\/\/100k.verfassungsfreunde.ch\/fr\/wp-json\/wp\/v2\/pages\/2234\/revisions\/4053"}],"wp:attachment":[{"href":"https:\/\/100k.verfassungsfreunde.ch\/fr\/wp-json\/wp\/v2\/media?parent=2234"}],"curies":[{"name":"wp","href":"https:\/\/api.w.org\/{rel}","templated":true}]}}